{"id":648,"date":"2024-09-16T21:09:19","date_gmt":"2024-09-16T19:09:19","guid":{"rendered":"https:\/\/www.lulumarlo.com\/?post_type=product&#038;p=648"},"modified":"2024-10-21T21:06:49","modified_gmt":"2024-10-21T19:06:49","slug":"poisson-raku-kintsugi","status":"publish","type":"product","link":"https:\/\/www.lulumarlo.com\/index.php\/produit\/poisson-raku-kintsugi\/","title":{"rendered":"Poisson raku kintsugi"},"content":{"rendered":"","protected":false},"excerpt":{"rendered":"<p>Cr\u00e9ation : poisson en raku et kintsugi mont\u00e9 sur un socle en bois flott\u00e9<\/p>\n","protected":false},"featured_media":627,"template":"","meta":[],"product_cat":[26,27,23,22],"product_tag":[],"class_list":{"0":"post-648","1":"product","2":"type-product","3":"status-publish","4":"has-post-thumbnail","6":"product_cat-kintsugi","7":"product_cat-ceramique","8":"product_cat-l-eau","9":"product_cat-a-poser","11":"first","12":"outofstock","13":"shipping-taxable","14":"product-type-simple"},"_links":{"self":[{"href":"https:\/\/www.lulumarlo.com\/index.php\/wp-json\/wp\/v2\/product\/648","targetHints":{"allow":["GET"]}}],"collection":[{"href":"https:\/\/www.lulumarlo.com\/index.php\/wp-json\/wp\/v2\/product"}],"about":[{"href":"https:\/\/www.lulumarlo.com\/index.php\/wp-json\/wp\/v2\/types\/product"}],"wp:featuredmedia":[{"embeddable":true,"href":"https:\/\/www.lulumarlo.com\/index.php\/wp-json\/wp\/v2\/media\/627"}],"wp:attachment":[{"href":"https:\/\/www.lulumarlo.com\/index.php\/wp-json\/wp\/v2\/media?parent=648"}],"wp:term":[{"taxonomy":"product_cat","embeddable":true,"href":"https:\/\/www.lulumarlo.com\/index.php\/wp-json\/wp\/v2\/product_cat?post=648"},{"taxonomy":"product_tag","embeddable":true,"href":"https:\/\/www.lulumarlo.com\/index.php\/wp-json\/wp\/v2\/product_tag?post=648"}],"curies":[{"name":"wp","href":"https:\/\/api.w.org\/{rel}","templated":true}]}}