{"id":646,"date":"2024-09-16T21:01:28","date_gmt":"2024-09-16T19:01:28","guid":{"rendered":"https:\/\/www.lulumarlo.com\/?post_type=product&#038;p=646"},"modified":"2024-10-21T21:04:54","modified_gmt":"2024-10-21T19:04:54","slug":"attrape-reves-3","status":"publish","type":"product","link":"https:\/\/www.lulumarlo.com\/index.php\/produit\/attrape-reves-3\/","title":{"rendered":"Attrape r\u00eaves"},"content":{"rendered":"","protected":false},"excerpt":{"rendered":"<p>Attrape r\u00eaves : feuille et plumes en argile \u00e9maill\u00e9e<\/p>\n","protected":false},"featured_media":636,"template":"","meta":[],"product_cat":[27,24,33,20,21],"product_tag":[],"class_list":{"0":"post-646","1":"product","2":"type-product","3":"status-publish","4":"has-post-thumbnail","6":"product_cat-ceramique","7":"product_cat-la-terre","8":"product_cat-l-air","9":"product_cat-a-accrocher","10":"product_cat-a-suspendre","12":"first","13":"instock","14":"shipping-taxable","15":"product-type-simple"},"_links":{"self":[{"href":"https:\/\/www.lulumarlo.com\/index.php\/wp-json\/wp\/v2\/product\/646","targetHints":{"allow":["GET"]}}],"collection":[{"href":"https:\/\/www.lulumarlo.com\/index.php\/wp-json\/wp\/v2\/product"}],"about":[{"href":"https:\/\/www.lulumarlo.com\/index.php\/wp-json\/wp\/v2\/types\/product"}],"wp:featuredmedia":[{"embeddable":true,"href":"https:\/\/www.lulumarlo.com\/index.php\/wp-json\/wp\/v2\/media\/636"}],"wp:attachment":[{"href":"https:\/\/www.lulumarlo.com\/index.php\/wp-json\/wp\/v2\/media?parent=646"}],"wp:term":[{"taxonomy":"product_cat","embeddable":true,"href":"https:\/\/www.lulumarlo.com\/index.php\/wp-json\/wp\/v2\/product_cat?post=646"},{"taxonomy":"product_tag","embeddable":true,"href":"https:\/\/www.lulumarlo.com\/index.php\/wp-json\/wp\/v2\/product_tag?post=646"}],"curies":[{"name":"wp","href":"https:\/\/api.w.org\/{rel}","templated":true}]}}