{"id":643,"date":"2024-09-16T20:53:43","date_gmt":"2024-09-16T18:53:43","guid":{"rendered":"https:\/\/www.lulumarlo.com\/?post_type=product&#038;p=643"},"modified":"2024-10-21T20:32:14","modified_gmt":"2024-10-21T18:32:14","slug":"feuilles-de-figuier-de-barbarie-bleue","status":"publish","type":"product","link":"https:\/\/www.lulumarlo.com\/index.php\/produit\/feuilles-de-figuier-de-barbarie-bleue\/","title":{"rendered":"Feuilles de figuier de barbarie kintsugi bleue"},"content":{"rendered":"","protected":false},"excerpt":{"rendered":"<p>Cr\u00e9ation : Feuilles de figuier de barbarie Kintsugi \u00e9maill\u00e9e et patin\u00e9e<\/p>\n","protected":false},"featured_media":631,"template":"","meta":[],"product_cat":[26,27,24,20,21],"product_tag":[],"class_list":{"0":"post-643","1":"product","2":"type-product","3":"status-publish","4":"has-post-thumbnail","6":"product_cat-kintsugi","7":"product_cat-ceramique","8":"product_cat-la-terre","9":"product_cat-a-accrocher","10":"product_cat-a-suspendre","12":"first","13":"instock","14":"shipping-taxable","15":"product-type-simple"},"_links":{"self":[{"href":"https:\/\/www.lulumarlo.com\/index.php\/wp-json\/wp\/v2\/product\/643","targetHints":{"allow":["GET"]}}],"collection":[{"href":"https:\/\/www.lulumarlo.com\/index.php\/wp-json\/wp\/v2\/product"}],"about":[{"href":"https:\/\/www.lulumarlo.com\/index.php\/wp-json\/wp\/v2\/types\/product"}],"wp:featuredmedia":[{"embeddable":true,"href":"https:\/\/www.lulumarlo.com\/index.php\/wp-json\/wp\/v2\/media\/631"}],"wp:attachment":[{"href":"https:\/\/www.lulumarlo.com\/index.php\/wp-json\/wp\/v2\/media?parent=643"}],"wp:term":[{"taxonomy":"product_cat","embeddable":true,"href":"https:\/\/www.lulumarlo.com\/index.php\/wp-json\/wp\/v2\/product_cat?post=643"},{"taxonomy":"product_tag","embeddable":true,"href":"https:\/\/www.lulumarlo.com\/index.php\/wp-json\/wp\/v2\/product_tag?post=643"}],"curies":[{"name":"wp","href":"https:\/\/api.w.org\/{rel}","templated":true}]}}