{"id":616,"date":"2024-09-14T18:54:59","date_gmt":"2024-09-14T16:54:59","guid":{"rendered":"https:\/\/www.lulumarlo.com\/?post_type=product&#038;p=616"},"modified":"2025-03-15T21:40:46","modified_gmt":"2025-03-15T20:40:46","slug":"duo-de-poissons-blanc-et-or","status":"publish","type":"product","link":"https:\/\/www.lulumarlo.com\/index.php\/produit\/duo-de-poissons-blanc-et-or\/","title":{"rendered":"Duo de poissons Kintsugi blanc et or"},"content":{"rendered":"","protected":false},"excerpt":{"rendered":"<p>Cr\u00e9ation : 2 poissons en argile blanche patin\u00e9e sur un socle en bois flott\u00e9<\/p>\n","protected":false},"featured_media":593,"template":"","meta":[],"product_cat":[26,27,23,22],"product_tag":[],"class_list":{"0":"post-616","1":"product","2":"type-product","3":"status-publish","4":"has-post-thumbnail","6":"product_cat-kintsugi","7":"product_cat-ceramique","8":"product_cat-l-eau","9":"product_cat-a-poser","11":"first","12":"outofstock","13":"shipping-taxable","14":"product-type-simple"},"_links":{"self":[{"href":"https:\/\/www.lulumarlo.com\/index.php\/wp-json\/wp\/v2\/product\/616","targetHints":{"allow":["GET"]}}],"collection":[{"href":"https:\/\/www.lulumarlo.com\/index.php\/wp-json\/wp\/v2\/product"}],"about":[{"href":"https:\/\/www.lulumarlo.com\/index.php\/wp-json\/wp\/v2\/types\/product"}],"wp:featuredmedia":[{"embeddable":true,"href":"https:\/\/www.lulumarlo.com\/index.php\/wp-json\/wp\/v2\/media\/593"}],"wp:attachment":[{"href":"https:\/\/www.lulumarlo.com\/index.php\/wp-json\/wp\/v2\/media?parent=616"}],"wp:term":[{"taxonomy":"product_cat","embeddable":true,"href":"https:\/\/www.lulumarlo.com\/index.php\/wp-json\/wp\/v2\/product_cat?post=616"},{"taxonomy":"product_tag","embeddable":true,"href":"https:\/\/www.lulumarlo.com\/index.php\/wp-json\/wp\/v2\/product_tag?post=616"}],"curies":[{"name":"wp","href":"https:\/\/api.w.org\/{rel}","templated":true}]}}