{"id":614,"date":"2024-09-14T18:49:30","date_gmt":"2024-09-14T16:49:30","guid":{"rendered":"https:\/\/www.lulumarlo.com\/?post_type=product&#038;p=614"},"modified":"2025-03-15T21:42:08","modified_gmt":"2025-03-15T20:42:08","slug":"etoile-de-mer-sur-socle-en-bois-flotte","status":"publish","type":"product","link":"https:\/\/www.lulumarlo.com\/index.php\/produit\/etoile-de-mer-sur-socle-en-bois-flotte\/","title":{"rendered":"Etoile de Mer sur socle en bois flott\u00e9"},"content":{"rendered":"","protected":false},"excerpt":{"rendered":"<p>Cr\u00e9ation : Etoile de mer en argile blanche \u00e9maill\u00e9e sur socle en bois flott\u00e9<\/p>\n","protected":false},"featured_media":582,"template":"","meta":[],"product_cat":[27,23,22],"product_tag":[],"class_list":{"0":"post-614","1":"product","2":"type-product","3":"status-publish","4":"has-post-thumbnail","6":"product_cat-ceramique","7":"product_cat-l-eau","8":"product_cat-a-poser","10":"first","11":"outofstock","12":"shipping-taxable","13":"product-type-simple"},"_links":{"self":[{"href":"https:\/\/www.lulumarlo.com\/index.php\/wp-json\/wp\/v2\/product\/614","targetHints":{"allow":["GET"]}}],"collection":[{"href":"https:\/\/www.lulumarlo.com\/index.php\/wp-json\/wp\/v2\/product"}],"about":[{"href":"https:\/\/www.lulumarlo.com\/index.php\/wp-json\/wp\/v2\/types\/product"}],"wp:featuredmedia":[{"embeddable":true,"href":"https:\/\/www.lulumarlo.com\/index.php\/wp-json\/wp\/v2\/media\/582"}],"wp:attachment":[{"href":"https:\/\/www.lulumarlo.com\/index.php\/wp-json\/wp\/v2\/media?parent=614"}],"wp:term":[{"taxonomy":"product_cat","embeddable":true,"href":"https:\/\/www.lulumarlo.com\/index.php\/wp-json\/wp\/v2\/product_cat?post=614"},{"taxonomy":"product_tag","embeddable":true,"href":"https:\/\/www.lulumarlo.com\/index.php\/wp-json\/wp\/v2\/product_tag?post=614"}],"curies":[{"name":"wp","href":"https:\/\/api.w.org\/{rel}","templated":true}]}}