{"id":569,"date":"2024-08-05T14:29:23","date_gmt":"2024-08-05T12:29:23","guid":{"rendered":"https:\/\/www.lulumarlo.com\/?post_type=product&#038;p=569"},"modified":"2025-03-15T21:44:18","modified_gmt":"2025-03-15T20:44:18","slug":"figuier-de-barbarie-et-ces-fruits","status":"publish","type":"product","link":"https:\/\/www.lulumarlo.com\/index.php\/produit\/figuier-de-barbarie-et-ces-fruits\/","title":{"rendered":"Figuier de barbarie et ces fruits"},"content":{"rendered":"","protected":false},"excerpt":{"rendered":"<p>Cette cr\u00e9ation de figuier de barbarie est peinte sur du bois douglas avec insertion de 2 figues de barbarie en argile blanche \u00e9maill\u00e9e, sur socle en bois<\/p>\n<p>(27 cm hauteur X 27 cm longueur)<\/p>\n","protected":false},"featured_media":85,"template":"","meta":[],"product_cat":[28,34,24,22],"product_tag":[],"class_list":{"0":"post-569","1":"product","2":"type-product","3":"status-publish","4":"has-post-thumbnail","6":"product_cat-bois","7":"product_cat-peinture","8":"product_cat-la-terre","9":"product_cat-a-poser","11":"first","12":"instock","13":"shipping-taxable","14":"product-type-simple"},"_links":{"self":[{"href":"https:\/\/www.lulumarlo.com\/index.php\/wp-json\/wp\/v2\/product\/569","targetHints":{"allow":["GET"]}}],"collection":[{"href":"https:\/\/www.lulumarlo.com\/index.php\/wp-json\/wp\/v2\/product"}],"about":[{"href":"https:\/\/www.lulumarlo.com\/index.php\/wp-json\/wp\/v2\/types\/product"}],"wp:featuredmedia":[{"embeddable":true,"href":"https:\/\/www.lulumarlo.com\/index.php\/wp-json\/wp\/v2\/media\/85"}],"wp:attachment":[{"href":"https:\/\/www.lulumarlo.com\/index.php\/wp-json\/wp\/v2\/media?parent=569"}],"wp:term":[{"taxonomy":"product_cat","embeddable":true,"href":"https:\/\/www.lulumarlo.com\/index.php\/wp-json\/wp\/v2\/product_cat?post=569"},{"taxonomy":"product_tag","embeddable":true,"href":"https:\/\/www.lulumarlo.com\/index.php\/wp-json\/wp\/v2\/product_tag?post=569"}],"curies":[{"name":"wp","href":"https:\/\/api.w.org\/{rel}","templated":true}]}}