{"id":554,"date":"2024-08-02T22:22:41","date_gmt":"2024-08-02T20:22:41","guid":{"rendered":"https:\/\/www.lulumarlo.com\/?post_type=product&#038;p=554"},"modified":"2024-10-21T20:37:43","modified_gmt":"2024-10-21T18:37:43","slug":"cactus-sur-planche-en-bois-flotte","status":"publish","type":"product","link":"https:\/\/www.lulumarlo.com\/index.php\/produit\/cactus-sur-planche-en-bois-flotte\/","title":{"rendered":"Cactus sur planche en bois flott\u00e9"},"content":{"rendered":"","protected":false},"excerpt":{"rendered":"<p>Cette cr\u00e9ation ce compose d&#8217;un cactus peint \u00e0 l&#8217;acrylique sur une planche en bois flott\u00e9 avec int\u00e9gration de galets sur un socle en bois blanc<\/p>\n<p>(64 cm hauteur X 14 cm largeur)<\/p>\n","protected":false},"featured_media":88,"template":"","meta":[],"product_cat":[28,34,24,22],"product_tag":[],"class_list":{"0":"post-554","1":"product","2":"type-product","3":"status-publish","4":"has-post-thumbnail","6":"product_cat-bois","7":"product_cat-peinture","8":"product_cat-la-terre","9":"product_cat-a-poser","11":"first","12":"instock","13":"shipping-taxable","14":"product-type-simple"},"_links":{"self":[{"href":"https:\/\/www.lulumarlo.com\/index.php\/wp-json\/wp\/v2\/product\/554","targetHints":{"allow":["GET"]}}],"collection":[{"href":"https:\/\/www.lulumarlo.com\/index.php\/wp-json\/wp\/v2\/product"}],"about":[{"href":"https:\/\/www.lulumarlo.com\/index.php\/wp-json\/wp\/v2\/types\/product"}],"wp:featuredmedia":[{"embeddable":true,"href":"https:\/\/www.lulumarlo.com\/index.php\/wp-json\/wp\/v2\/media\/88"}],"wp:attachment":[{"href":"https:\/\/www.lulumarlo.com\/index.php\/wp-json\/wp\/v2\/media?parent=554"}],"wp:term":[{"taxonomy":"product_cat","embeddable":true,"href":"https:\/\/www.lulumarlo.com\/index.php\/wp-json\/wp\/v2\/product_cat?post=554"},{"taxonomy":"product_tag","embeddable":true,"href":"https:\/\/www.lulumarlo.com\/index.php\/wp-json\/wp\/v2\/product_tag?post=554"}],"curies":[{"name":"wp","href":"https:\/\/api.w.org\/{rel}","templated":true}]}}