{"id":543,"date":"2024-08-02T21:44:36","date_gmt":"2024-08-02T19:44:36","guid":{"rendered":"https:\/\/www.lulumarlo.com\/?post_type=product&#038;p=543"},"modified":"2025-03-15T21:45:37","modified_gmt":"2025-03-15T20:45:37","slug":"totem-dhippocampes-blanc-et-noir","status":"publish","type":"product","link":"https:\/\/www.lulumarlo.com\/index.php\/produit\/totem-dhippocampes-blanc-et-noir\/","title":{"rendered":"Totem d&#8217;hippocampes blanc et noir"},"content":{"rendered":"","protected":false},"excerpt":{"rendered":"<p>Cette cr\u00e9ation ce compose d&#8217;un totem d&#8217;hippocampes peint sur les 4 faces \u00e0 l&#8217;acrylique et de 3 hippocampes en argile blanche patin\u00e9e<\/p>\n<p>(80 cm hauteur X 17 cm longueur X 11 cm largeur)<\/p>\n","protected":false},"featured_media":605,"template":"","meta":[],"product_cat":[28,34,23,22],"product_tag":[],"class_list":{"0":"post-543","1":"product","2":"type-product","3":"status-publish","4":"has-post-thumbnail","6":"product_cat-bois","7":"product_cat-peinture","8":"product_cat-l-eau","9":"product_cat-a-poser","11":"first","12":"instock","13":"shipping-taxable","14":"product-type-simple"},"_links":{"self":[{"href":"https:\/\/www.lulumarlo.com\/index.php\/wp-json\/wp\/v2\/product\/543","targetHints":{"allow":["GET"]}}],"collection":[{"href":"https:\/\/www.lulumarlo.com\/index.php\/wp-json\/wp\/v2\/product"}],"about":[{"href":"https:\/\/www.lulumarlo.com\/index.php\/wp-json\/wp\/v2\/types\/product"}],"wp:featuredmedia":[{"embeddable":true,"href":"https:\/\/www.lulumarlo.com\/index.php\/wp-json\/wp\/v2\/media\/605"}],"wp:attachment":[{"href":"https:\/\/www.lulumarlo.com\/index.php\/wp-json\/wp\/v2\/media?parent=543"}],"wp:term":[{"taxonomy":"product_cat","embeddable":true,"href":"https:\/\/www.lulumarlo.com\/index.php\/wp-json\/wp\/v2\/product_cat?post=543"},{"taxonomy":"product_tag","embeddable":true,"href":"https:\/\/www.lulumarlo.com\/index.php\/wp-json\/wp\/v2\/product_tag?post=543"}],"curies":[{"name":"wp","href":"https:\/\/api.w.org\/{rel}","templated":true}]}}