{"id":541,"date":"2024-08-02T21:36:41","date_gmt":"2024-08-02T19:36:41","guid":{"rendered":"https:\/\/www.lulumarlo.com\/?post_type=product&#038;p=541"},"modified":"2025-03-15T21:45:54","modified_gmt":"2025-03-15T20:45:54","slug":"totem-de-papillons","status":"publish","type":"product","link":"https:\/\/www.lulumarlo.com\/index.php\/produit\/totem-de-papillons\/","title":{"rendered":"Totem de papillons"},"content":{"rendered":"","protected":false},"excerpt":{"rendered":"<p>Cette cr\u00e9ation ce compose d&#8217;un totem de papillons en bois douglas peint sur les 4 faces \u00e0 l&#8217;acrylique et de 2 papillons en argile blanche \u00e9maill\u00e9e<\/p>\n<p>(72 cm hauteur X 18 cm longueur X 12 cm largeur)<\/p>\n","protected":false},"featured_media":602,"template":"","meta":[],"product_cat":[28,34,33,22],"product_tag":[],"class_list":{"0":"post-541","1":"product","2":"type-product","3":"status-publish","4":"has-post-thumbnail","6":"product_cat-bois","7":"product_cat-peinture","8":"product_cat-l-air","9":"product_cat-a-poser","11":"first","12":"instock","13":"shipping-taxable","14":"product-type-simple"},"_links":{"self":[{"href":"https:\/\/www.lulumarlo.com\/index.php\/wp-json\/wp\/v2\/product\/541","targetHints":{"allow":["GET"]}}],"collection":[{"href":"https:\/\/www.lulumarlo.com\/index.php\/wp-json\/wp\/v2\/product"}],"about":[{"href":"https:\/\/www.lulumarlo.com\/index.php\/wp-json\/wp\/v2\/types\/product"}],"wp:featuredmedia":[{"embeddable":true,"href":"https:\/\/www.lulumarlo.com\/index.php\/wp-json\/wp\/v2\/media\/602"}],"wp:attachment":[{"href":"https:\/\/www.lulumarlo.com\/index.php\/wp-json\/wp\/v2\/media?parent=541"}],"wp:term":[{"taxonomy":"product_cat","embeddable":true,"href":"https:\/\/www.lulumarlo.com\/index.php\/wp-json\/wp\/v2\/product_cat?post=541"},{"taxonomy":"product_tag","embeddable":true,"href":"https:\/\/www.lulumarlo.com\/index.php\/wp-json\/wp\/v2\/product_tag?post=541"}],"curies":[{"name":"wp","href":"https:\/\/api.w.org\/{rel}","templated":true}]}}