{"id":540,"date":"2024-08-02T21:28:16","date_gmt":"2024-08-02T19:28:16","guid":{"rendered":"https:\/\/www.lulumarlo.com\/?post_type=product&#038;p=540"},"modified":"2025-03-15T21:46:44","modified_gmt":"2025-03-15T20:46:44","slug":"les-poissons-dans-le-tourbillon","status":"publish","type":"product","link":"https:\/\/www.lulumarlo.com\/index.php\/produit\/les-poissons-dans-le-tourbillon\/","title":{"rendered":"Les poissons dans le tourbillon"},"content":{"rendered":"","protected":false},"excerpt":{"rendered":"<p>Cette cr\u00e9ation ce compose d&#8217;un totem horizontal en bois douglas peint sur les 4 faces \u00e0 l&#8217;acrylique et de 2 poissons en argile blanche \u00e9maill\u00e9e<\/p>\n<p>(longueur 30 cm X 12 cm \u00e9paisseur X 34 cm hauteur)<\/p>\n","protected":false},"featured_media":81,"template":"","meta":[],"product_cat":[28,34,23,22],"product_tag":[],"class_list":{"0":"post-540","1":"product","2":"type-product","3":"status-publish","4":"has-post-thumbnail","6":"product_cat-bois","7":"product_cat-peinture","8":"product_cat-l-eau","9":"product_cat-a-poser","11":"first","12":"outofstock","13":"shipping-taxable","14":"product-type-simple"},"_links":{"self":[{"href":"https:\/\/www.lulumarlo.com\/index.php\/wp-json\/wp\/v2\/product\/540","targetHints":{"allow":["GET"]}}],"collection":[{"href":"https:\/\/www.lulumarlo.com\/index.php\/wp-json\/wp\/v2\/product"}],"about":[{"href":"https:\/\/www.lulumarlo.com\/index.php\/wp-json\/wp\/v2\/types\/product"}],"wp:featuredmedia":[{"embeddable":true,"href":"https:\/\/www.lulumarlo.com\/index.php\/wp-json\/wp\/v2\/media\/81"}],"wp:attachment":[{"href":"https:\/\/www.lulumarlo.com\/index.php\/wp-json\/wp\/v2\/media?parent=540"}],"wp:term":[{"taxonomy":"product_cat","embeddable":true,"href":"https:\/\/www.lulumarlo.com\/index.php\/wp-json\/wp\/v2\/product_cat?post=540"},{"taxonomy":"product_tag","embeddable":true,"href":"https:\/\/www.lulumarlo.com\/index.php\/wp-json\/wp\/v2\/product_tag?post=540"}],"curies":[{"name":"wp","href":"https:\/\/api.w.org\/{rel}","templated":true}]}}