{"id":537,"date":"2024-08-02T21:05:49","date_gmt":"2024-08-02T19:05:49","guid":{"rendered":"https:\/\/www.lulumarlo.com\/?post_type=product&#038;p=537"},"modified":"2025-03-15T21:47:53","modified_gmt":"2025-03-15T20:47:53","slug":"les-poissons-zebres","status":"publish","type":"product","link":"https:\/\/www.lulumarlo.com\/index.php\/produit\/les-poissons-zebres\/","title":{"rendered":"Les poissons z\u00e9bres"},"content":{"rendered":"","protected":false},"excerpt":{"rendered":"<p>Cette cr\u00e9ation ce compose de 6 poissons en argile blanche \u00e9maill\u00e9e<\/p>\n<p>(47 cm longueur X 12 cm largeur X 21 cm hauteur)<\/p>\n<p>&nbsp;<\/p>\n","protected":false},"featured_media":587,"template":"","meta":[],"product_cat":[27,23,22],"product_tag":[],"class_list":{"0":"post-537","1":"product","2":"type-product","3":"status-publish","4":"has-post-thumbnail","6":"product_cat-ceramique","7":"product_cat-l-eau","8":"product_cat-a-poser","10":"first","11":"instock","12":"shipping-taxable","13":"product-type-simple"},"_links":{"self":[{"href":"https:\/\/www.lulumarlo.com\/index.php\/wp-json\/wp\/v2\/product\/537","targetHints":{"allow":["GET"]}}],"collection":[{"href":"https:\/\/www.lulumarlo.com\/index.php\/wp-json\/wp\/v2\/product"}],"about":[{"href":"https:\/\/www.lulumarlo.com\/index.php\/wp-json\/wp\/v2\/types\/product"}],"wp:featuredmedia":[{"embeddable":true,"href":"https:\/\/www.lulumarlo.com\/index.php\/wp-json\/wp\/v2\/media\/587"}],"wp:attachment":[{"href":"https:\/\/www.lulumarlo.com\/index.php\/wp-json\/wp\/v2\/media?parent=537"}],"wp:term":[{"taxonomy":"product_cat","embeddable":true,"href":"https:\/\/www.lulumarlo.com\/index.php\/wp-json\/wp\/v2\/product_cat?post=537"},{"taxonomy":"product_tag","embeddable":true,"href":"https:\/\/www.lulumarlo.com\/index.php\/wp-json\/wp\/v2\/product_tag?post=537"}],"curies":[{"name":"wp","href":"https:\/\/api.w.org\/{rel}","templated":true}]}}