{"id":536,"date":"2024-08-02T21:00:15","date_gmt":"2024-08-02T19:00:15","guid":{"rendered":"https:\/\/www.lulumarlo.com\/?post_type=product&#038;p=536"},"modified":"2025-03-15T21:48:11","modified_gmt":"2025-03-15T20:48:11","slug":"sardines-sur-bois-noir","status":"publish","type":"product","link":"https:\/\/www.lulumarlo.com\/index.php\/produit\/sardines-sur-bois-noir\/","title":{"rendered":"Sardines sur bois noir"},"content":{"rendered":"","protected":false},"excerpt":{"rendered":"<p>Cette cr\u00e9ation ce compose de 5 sardines en argile blanche \u00e9maill\u00e9e ou patin\u00e9e sur un socle en bois flott\u00e9 noir<\/p>\n<p>(longueur 50 cm X 9 cm largeur X 17 cm hauteur)<\/p>\n","protected":false},"featured_media":607,"template":"","meta":[],"product_cat":[27,23,22],"product_tag":[],"class_list":{"0":"post-536","1":"product","2":"type-product","3":"status-publish","4":"has-post-thumbnail","6":"product_cat-ceramique","7":"product_cat-l-eau","8":"product_cat-a-poser","10":"first","11":"instock","12":"shipping-taxable","13":"product-type-simple"},"_links":{"self":[{"href":"https:\/\/www.lulumarlo.com\/index.php\/wp-json\/wp\/v2\/product\/536","targetHints":{"allow":["GET"]}}],"collection":[{"href":"https:\/\/www.lulumarlo.com\/index.php\/wp-json\/wp\/v2\/product"}],"about":[{"href":"https:\/\/www.lulumarlo.com\/index.php\/wp-json\/wp\/v2\/types\/product"}],"wp:featuredmedia":[{"embeddable":true,"href":"https:\/\/www.lulumarlo.com\/index.php\/wp-json\/wp\/v2\/media\/607"}],"wp:attachment":[{"href":"https:\/\/www.lulumarlo.com\/index.php\/wp-json\/wp\/v2\/media?parent=536"}],"wp:term":[{"taxonomy":"product_cat","embeddable":true,"href":"https:\/\/www.lulumarlo.com\/index.php\/wp-json\/wp\/v2\/product_cat?post=536"},{"taxonomy":"product_tag","embeddable":true,"href":"https:\/\/www.lulumarlo.com\/index.php\/wp-json\/wp\/v2\/product_tag?post=536"}],"curies":[{"name":"wp","href":"https:\/\/api.w.org\/{rel}","templated":true}]}}