{"id":535,"date":"2024-08-02T20:55:44","date_gmt":"2024-08-02T18:55:44","guid":{"rendered":"https:\/\/www.lulumarlo.com\/?post_type=product&#038;p=535"},"modified":"2025-03-15T21:48:29","modified_gmt":"2025-03-15T20:48:29","slug":"banc-de-poissons-blancs","status":"publish","type":"product","link":"https:\/\/www.lulumarlo.com\/index.php\/produit\/banc-de-poissons-blancs\/","title":{"rendered":"Banc de poissons blancs"},"content":{"rendered":"","protected":false},"excerpt":{"rendered":"<p>Cette cr\u00e9ation ce compose de 6 poissons en argile blanche patin\u00e9e sur un socle en bois flott\u00e9<\/p>\n<p>(longueur 97 cm X 14 cm largeur X 25 cm hauteur)<\/p>\n","protected":false},"featured_media":99,"template":"","meta":[],"product_cat":[27,23,22],"product_tag":[],"class_list":{"0":"post-535","1":"product","2":"type-product","3":"status-publish","4":"has-post-thumbnail","6":"product_cat-ceramique","7":"product_cat-l-eau","8":"product_cat-a-poser","10":"first","11":"instock","12":"shipping-taxable","13":"product-type-simple"},"_links":{"self":[{"href":"https:\/\/www.lulumarlo.com\/index.php\/wp-json\/wp\/v2\/product\/535","targetHints":{"allow":["GET"]}}],"collection":[{"href":"https:\/\/www.lulumarlo.com\/index.php\/wp-json\/wp\/v2\/product"}],"about":[{"href":"https:\/\/www.lulumarlo.com\/index.php\/wp-json\/wp\/v2\/types\/product"}],"wp:featuredmedia":[{"embeddable":true,"href":"https:\/\/www.lulumarlo.com\/index.php\/wp-json\/wp\/v2\/media\/99"}],"wp:attachment":[{"href":"https:\/\/www.lulumarlo.com\/index.php\/wp-json\/wp\/v2\/media?parent=535"}],"wp:term":[{"taxonomy":"product_cat","embeddable":true,"href":"https:\/\/www.lulumarlo.com\/index.php\/wp-json\/wp\/v2\/product_cat?post=535"},{"taxonomy":"product_tag","embeddable":true,"href":"https:\/\/www.lulumarlo.com\/index.php\/wp-json\/wp\/v2\/product_tag?post=535"}],"curies":[{"name":"wp","href":"https:\/\/api.w.org\/{rel}","templated":true}]}}