{"id":523,"date":"2024-08-02T20:09:56","date_gmt":"2024-08-02T18:09:56","guid":{"rendered":"https:\/\/www.lulumarlo.com\/?post_type=product&#038;p=523"},"modified":"2025-03-15T21:49:19","modified_gmt":"2025-03-15T20:49:19","slug":"etoiles-de-mer-raku-et-patine","status":"publish","type":"product","link":"https:\/\/www.lulumarlo.com\/index.php\/produit\/etoiles-de-mer-raku-et-patine\/","title":{"rendered":"Etoiles de mer Raku et patine"},"content":{"rendered":"","protected":false},"excerpt":{"rendered":"<p>Cette cr\u00e9ation ce compose d&#8217;une \u00e9toile de mer en Raku, d&#8217;une \u00e9toile de mer en argile noire patin\u00e9e or et bronze et d&#8217;un poisson en argile blanche patin\u00e9e blanc et or<\/p>\n<p>(longueur 48 cm X hauteur 23 cm=<\/p>\n","protected":false},"featured_media":597,"template":"","meta":[],"product_cat":[27,23,22],"product_tag":[],"class_list":{"0":"post-523","1":"product","2":"type-product","3":"status-publish","4":"has-post-thumbnail","6":"product_cat-ceramique","7":"product_cat-l-eau","8":"product_cat-a-poser","10":"first","11":"outofstock","12":"shipping-taxable","13":"product-type-simple"},"_links":{"self":[{"href":"https:\/\/www.lulumarlo.com\/index.php\/wp-json\/wp\/v2\/product\/523","targetHints":{"allow":["GET"]}}],"collection":[{"href":"https:\/\/www.lulumarlo.com\/index.php\/wp-json\/wp\/v2\/product"}],"about":[{"href":"https:\/\/www.lulumarlo.com\/index.php\/wp-json\/wp\/v2\/types\/product"}],"wp:featuredmedia":[{"embeddable":true,"href":"https:\/\/www.lulumarlo.com\/index.php\/wp-json\/wp\/v2\/media\/597"}],"wp:attachment":[{"href":"https:\/\/www.lulumarlo.com\/index.php\/wp-json\/wp\/v2\/media?parent=523"}],"wp:term":[{"taxonomy":"product_cat","embeddable":true,"href":"https:\/\/www.lulumarlo.com\/index.php\/wp-json\/wp\/v2\/product_cat?post=523"},{"taxonomy":"product_tag","embeddable":true,"href":"https:\/\/www.lulumarlo.com\/index.php\/wp-json\/wp\/v2\/product_tag?post=523"}],"curies":[{"name":"wp","href":"https:\/\/api.w.org\/{rel}","templated":true}]}}