{"id":521,"date":"2024-08-02T20:01:17","date_gmt":"2024-08-02T18:01:17","guid":{"rendered":"https:\/\/www.lulumarlo.com\/?post_type=product&#038;p=521"},"modified":"2025-03-15T21:49:35","modified_gmt":"2025-03-15T20:49:35","slug":"521","status":"publish","type":"product","link":"https:\/\/www.lulumarlo.com\/index.php\/produit\/521\/","title":{"rendered":"Etoile de mer blanche"},"content":{"rendered":"","protected":false},"excerpt":{"rendered":"<p>Cette cr\u00e9ation ce compose d&#8217;une \u00e9toile de mer en argile blanche patin\u00e9e<\/p>\n<p>(hauteur 23 cm X 22 cm longueur)<\/p>\n","protected":false},"featured_media":581,"template":"","meta":[],"product_cat":[27,23,22],"product_tag":[],"class_list":{"0":"post-521","1":"product","2":"type-product","3":"status-publish","4":"has-post-thumbnail","6":"product_cat-ceramique","7":"product_cat-l-eau","8":"product_cat-a-poser","10":"first","11":"outofstock","12":"shipping-taxable","13":"product-type-simple"},"_links":{"self":[{"href":"https:\/\/www.lulumarlo.com\/index.php\/wp-json\/wp\/v2\/product\/521","targetHints":{"allow":["GET"]}}],"collection":[{"href":"https:\/\/www.lulumarlo.com\/index.php\/wp-json\/wp\/v2\/product"}],"about":[{"href":"https:\/\/www.lulumarlo.com\/index.php\/wp-json\/wp\/v2\/types\/product"}],"wp:featuredmedia":[{"embeddable":true,"href":"https:\/\/www.lulumarlo.com\/index.php\/wp-json\/wp\/v2\/media\/581"}],"wp:attachment":[{"href":"https:\/\/www.lulumarlo.com\/index.php\/wp-json\/wp\/v2\/media?parent=521"}],"wp:term":[{"taxonomy":"product_cat","embeddable":true,"href":"https:\/\/www.lulumarlo.com\/index.php\/wp-json\/wp\/v2\/product_cat?post=521"},{"taxonomy":"product_tag","embeddable":true,"href":"https:\/\/www.lulumarlo.com\/index.php\/wp-json\/wp\/v2\/product_tag?post=521"}],"curies":[{"name":"wp","href":"https:\/\/api.w.org\/{rel}","templated":true}]}}