{"id":516,"date":"2024-08-02T19:48:47","date_gmt":"2024-08-02T17:48:47","guid":{"rendered":"https:\/\/www.lulumarlo.com\/?post_type=product&#038;p=516"},"modified":"2024-10-21T20:46:09","modified_gmt":"2024-10-21T18:46:09","slug":"poisson-rhinoceros-kintsugi","status":"publish","type":"product","link":"https:\/\/www.lulumarlo.com\/index.php\/produit\/poisson-rhinoceros-kintsugi\/","title":{"rendered":"Poisson rhinoc\u00e9ros Kintsugi"},"content":{"rendered":"","protected":false},"excerpt":{"rendered":"<p>Cette cr\u00e9ation ce compose d&#8217;un poisson Kintsugi\u00a0 en argile blanche \u00e9maill\u00e9e sur un socle en bois flott\u00e9<\/p>\n<p>(hauteur 23 cm X 27 cm longueur)<\/p>\n","protected":false},"featured_media":592,"template":"","meta":[],"product_cat":[26,27,23,22],"product_tag":[],"class_list":{"0":"post-516","1":"product","2":"type-product","3":"status-publish","4":"has-post-thumbnail","6":"product_cat-kintsugi","7":"product_cat-ceramique","8":"product_cat-l-eau","9":"product_cat-a-poser","11":"first","12":"outofstock","13":"shipping-taxable","14":"product-type-simple"},"_links":{"self":[{"href":"https:\/\/www.lulumarlo.com\/index.php\/wp-json\/wp\/v2\/product\/516","targetHints":{"allow":["GET"]}}],"collection":[{"href":"https:\/\/www.lulumarlo.com\/index.php\/wp-json\/wp\/v2\/product"}],"about":[{"href":"https:\/\/www.lulumarlo.com\/index.php\/wp-json\/wp\/v2\/types\/product"}],"wp:featuredmedia":[{"embeddable":true,"href":"https:\/\/www.lulumarlo.com\/index.php\/wp-json\/wp\/v2\/media\/592"}],"wp:attachment":[{"href":"https:\/\/www.lulumarlo.com\/index.php\/wp-json\/wp\/v2\/media?parent=516"}],"wp:term":[{"taxonomy":"product_cat","embeddable":true,"href":"https:\/\/www.lulumarlo.com\/index.php\/wp-json\/wp\/v2\/product_cat?post=516"},{"taxonomy":"product_tag","embeddable":true,"href":"https:\/\/www.lulumarlo.com\/index.php\/wp-json\/wp\/v2\/product_tag?post=516"}],"curies":[{"name":"wp","href":"https:\/\/api.w.org\/{rel}","templated":true}]}}