{"id":488,"date":"2024-08-02T14:31:49","date_gmt":"2024-08-02T12:31:49","guid":{"rendered":"https:\/\/www.lulumarlo.com\/?post_type=product&#038;p=488"},"modified":"2025-03-15T21:52:48","modified_gmt":"2025-03-15T20:52:48","slug":"le-banc-de-sardines-multicolors","status":"publish","type":"product","link":"https:\/\/www.lulumarlo.com\/index.php\/produit\/le-banc-de-sardines-multicolors\/","title":{"rendered":"Le banc de sardines multicolors"},"content":{"rendered":"","protected":false},"excerpt":{"rendered":"<p>Sardines en argile rouge \u00e9maill\u00e9es sur bois flott\u00e9<\/p>\n<p>(47 cm longueur X 20 cm largeur X 17 cm hauteur)<\/p>\n","protected":false},"featured_media":601,"template":"","meta":[],"product_cat":[27,23,22],"product_tag":[],"class_list":{"0":"post-488","1":"product","2":"type-product","3":"status-publish","4":"has-post-thumbnail","6":"product_cat-ceramique","7":"product_cat-l-eau","8":"product_cat-a-poser","10":"first","11":"instock","12":"shipping-taxable","13":"product-type-simple"},"_links":{"self":[{"href":"https:\/\/www.lulumarlo.com\/index.php\/wp-json\/wp\/v2\/product\/488","targetHints":{"allow":["GET"]}}],"collection":[{"href":"https:\/\/www.lulumarlo.com\/index.php\/wp-json\/wp\/v2\/product"}],"about":[{"href":"https:\/\/www.lulumarlo.com\/index.php\/wp-json\/wp\/v2\/types\/product"}],"wp:featuredmedia":[{"embeddable":true,"href":"https:\/\/www.lulumarlo.com\/index.php\/wp-json\/wp\/v2\/media\/601"}],"wp:attachment":[{"href":"https:\/\/www.lulumarlo.com\/index.php\/wp-json\/wp\/v2\/media?parent=488"}],"wp:term":[{"taxonomy":"product_cat","embeddable":true,"href":"https:\/\/www.lulumarlo.com\/index.php\/wp-json\/wp\/v2\/product_cat?post=488"},{"taxonomy":"product_tag","embeddable":true,"href":"https:\/\/www.lulumarlo.com\/index.php\/wp-json\/wp\/v2\/product_tag?post=488"}],"curies":[{"name":"wp","href":"https:\/\/api.w.org\/{rel}","templated":true}]}}