{"id":438,"date":"2024-07-26T21:05:55","date_gmt":"2024-07-26T19:05:55","guid":{"rendered":"https:\/\/www.lulumarlo.com\/?post_type=product&#038;p=438"},"modified":"2024-10-21T20:54:31","modified_gmt":"2024-10-21T18:54:31","slug":"poisson-ceramique-2","status":"publish","type":"product","link":"https:\/\/www.lulumarlo.com\/index.php\/produit\/poisson-ceramique-2\/","title":{"rendered":"Poisson c\u00e9ramique"},"content":{"rendered":"","protected":false},"excerpt":{"rendered":"<p>Poisson en argile blanche \u00e9maill\u00e9e<\/p>\n<p>(17 cm largeur X 12 cm hauteur)<\/p>\n","protected":false},"featured_media":180,"template":"","meta":[],"product_cat":[27,23,20,21],"product_tag":[],"class_list":{"0":"post-438","1":"product","2":"type-product","3":"status-publish","4":"has-post-thumbnail","6":"product_cat-ceramique","7":"product_cat-l-eau","8":"product_cat-a-accrocher","9":"product_cat-a-suspendre","11":"first","12":"outofstock","13":"shipping-taxable","14":"product-type-simple"},"_links":{"self":[{"href":"https:\/\/www.lulumarlo.com\/index.php\/wp-json\/wp\/v2\/product\/438","targetHints":{"allow":["GET"]}}],"collection":[{"href":"https:\/\/www.lulumarlo.com\/index.php\/wp-json\/wp\/v2\/product"}],"about":[{"href":"https:\/\/www.lulumarlo.com\/index.php\/wp-json\/wp\/v2\/types\/product"}],"wp:featuredmedia":[{"embeddable":true,"href":"https:\/\/www.lulumarlo.com\/index.php\/wp-json\/wp\/v2\/media\/180"}],"wp:attachment":[{"href":"https:\/\/www.lulumarlo.com\/index.php\/wp-json\/wp\/v2\/media?parent=438"}],"wp:term":[{"taxonomy":"product_cat","embeddable":true,"href":"https:\/\/www.lulumarlo.com\/index.php\/wp-json\/wp\/v2\/product_cat?post=438"},{"taxonomy":"product_tag","embeddable":true,"href":"https:\/\/www.lulumarlo.com\/index.php\/wp-json\/wp\/v2\/product_tag?post=438"}],"curies":[{"name":"wp","href":"https:\/\/api.w.org\/{rel}","templated":true}]}}