{"id":384,"date":"2024-07-26T18:52:58","date_gmt":"2024-07-26T16:52:58","guid":{"rendered":"https:\/\/www.lulumarlo.com\/?post_type=product&#038;p=384"},"modified":"2024-10-21T20:57:47","modified_gmt":"2024-10-21T18:57:47","slug":"figuier-de-barbarie-sur-bois-flotte","status":"publish","type":"product","link":"https:\/\/www.lulumarlo.com\/index.php\/produit\/figuier-de-barbarie-sur-bois-flotte\/","title":{"rendered":"Figuier de Barbarie sur bois flott\u00e9"},"content":{"rendered":"","protected":false},"excerpt":{"rendered":"<p>Feuilles de figuier de barbarie en argile rouge \u00e9maill\u00e9 et figues de barbarie en argile blanche patin\u00e9e sur bois flott\u00e9<\/p>\n<p>(63 cm hauteur X 23 cm largeur)<\/p>\n","protected":false},"featured_media":186,"template":"","meta":[],"product_cat":[28,27,24,20,21],"product_tag":[],"class_list":{"0":"post-384","1":"product","2":"type-product","3":"status-publish","4":"has-post-thumbnail","6":"product_cat-bois","7":"product_cat-ceramique","8":"product_cat-la-terre","9":"product_cat-a-accrocher","10":"product_cat-a-suspendre","12":"first","13":"outofstock","14":"shipping-taxable","15":"product-type-simple"},"_links":{"self":[{"href":"https:\/\/www.lulumarlo.com\/index.php\/wp-json\/wp\/v2\/product\/384","targetHints":{"allow":["GET"]}}],"collection":[{"href":"https:\/\/www.lulumarlo.com\/index.php\/wp-json\/wp\/v2\/product"}],"about":[{"href":"https:\/\/www.lulumarlo.com\/index.php\/wp-json\/wp\/v2\/types\/product"}],"wp:featuredmedia":[{"embeddable":true,"href":"https:\/\/www.lulumarlo.com\/index.php\/wp-json\/wp\/v2\/media\/186"}],"wp:attachment":[{"href":"https:\/\/www.lulumarlo.com\/index.php\/wp-json\/wp\/v2\/media?parent=384"}],"wp:term":[{"taxonomy":"product_cat","embeddable":true,"href":"https:\/\/www.lulumarlo.com\/index.php\/wp-json\/wp\/v2\/product_cat?post=384"},{"taxonomy":"product_tag","embeddable":true,"href":"https:\/\/www.lulumarlo.com\/index.php\/wp-json\/wp\/v2\/product_tag?post=384"}],"curies":[{"name":"wp","href":"https:\/\/api.w.org\/{rel}","templated":true}]}}