{"id":325,"date":"2024-07-26T16:07:21","date_gmt":"2024-07-26T14:07:21","guid":{"rendered":"https:\/\/www.lulumarlo.com\/?post_type=product&#038;p=325"},"modified":"2025-03-15T19:58:24","modified_gmt":"2025-03-15T18:58:24","slug":"le-poisson-du-bassin","status":"publish","type":"product","link":"https:\/\/www.lulumarlo.com\/index.php\/produit\/le-poisson-du-bassin\/","title":{"rendered":"Le Poisson du bassin"},"content":{"rendered":"","protected":false},"excerpt":{"rendered":"<p>Poisson c\u00e9ramique \u00e9maill\u00e9e sur socle en bois flott\u00e9<\/p>\n<p>(hauteur 14 cm longueur 20 cm)<\/p>\n","protected":false},"featured_media":596,"template":"","meta":[],"product_cat":[28,27,23],"product_tag":[],"class_list":{"0":"post-325","1":"product","2":"type-product","3":"status-publish","4":"has-post-thumbnail","6":"product_cat-bois","7":"product_cat-ceramique","8":"product_cat-l-eau","10":"first","11":"outofstock","12":"shipping-taxable","13":"product-type-simple"},"_links":{"self":[{"href":"https:\/\/www.lulumarlo.com\/index.php\/wp-json\/wp\/v2\/product\/325","targetHints":{"allow":["GET"]}}],"collection":[{"href":"https:\/\/www.lulumarlo.com\/index.php\/wp-json\/wp\/v2\/product"}],"about":[{"href":"https:\/\/www.lulumarlo.com\/index.php\/wp-json\/wp\/v2\/types\/product"}],"wp:featuredmedia":[{"embeddable":true,"href":"https:\/\/www.lulumarlo.com\/index.php\/wp-json\/wp\/v2\/media\/596"}],"wp:attachment":[{"href":"https:\/\/www.lulumarlo.com\/index.php\/wp-json\/wp\/v2\/media?parent=325"}],"wp:term":[{"taxonomy":"product_cat","embeddable":true,"href":"https:\/\/www.lulumarlo.com\/index.php\/wp-json\/wp\/v2\/product_cat?post=325"},{"taxonomy":"product_tag","embeddable":true,"href":"https:\/\/www.lulumarlo.com\/index.php\/wp-json\/wp\/v2\/product_tag?post=325"}],"curies":[{"name":"wp","href":"https:\/\/api.w.org\/{rel}","templated":true}]}}