{"id":396,"date":"2024-07-26T21:02:56","date_gmt":"2024-07-26T19:02:56","guid":{"rendered":"https:\/\/www.lulumarlo.com\/?page_id=396"},"modified":"2025-09-23T15:02:26","modified_gmt":"2025-09-23T13:02:26","slug":"a-propos","status":"publish","type":"page","link":"https:\/\/www.lulumarlo.com\/index.php\/a-propos\/","title":{"rendered":"A Propos"},"content":{"rendered":"\n<div class=\"wp-block-group alignfull has-accent-background-color has-background has-global-padding is-layout-constrained wp-container-core-group-is-layout-669513ed wp-block-group-is-layout-constrained\" style=\"margin-top:0;margin-bottom:0;padding-top:var(--wp--preset--spacing--50);padding-right:var(--wp--preset--spacing--50);padding-bottom:var(--wp--preset--spacing--50);padding-left:var(--wp--preset--spacing--50)\">\n<div class=\"wp-block-columns alignwide is-layout-flex wp-container-core-columns-is-layout-d723860d wp-block-columns-is-layout-flex\" style=\"margin-top:0;margin-bottom:0;padding-right:var(--wp--preset--spacing--10);padding-left:var(--wp--preset--spacing--10)\">\n<div class=\"wp-block-column is-vertically-aligned-stretch is-layout-flow wp-block-column-is-layout-flow\" style=\"flex-basis:50%\">\n<div class=\"wp-block-group is-vertical is-content-justification-stretch is-layout-flex wp-container-core-group-is-layout-444d5ee8 wp-block-group-is-layout-flex\" style=\"min-height:100%\">\n<p class=\"has-heading-font-family has-x-large-font-size\" style=\"line-height:1.2\">LuLu MarLo<\/p>\n\n\n\n<p>Lulu Marlo, artiste polyvalente originaire de Provence, a ancr\u00e9 son atelier dans le pittoresque Village des Sables de Torreilles, dans les Pyr\u00e9n\u00e9es-Orientales. Puisant son inspiration dans la beaut\u00e9 naturelle de la c\u00f4te m\u00e9diterran\u00e9enne, elle y insuffle sa propre fantaisie pour cr\u00e9er un univers unique.<\/p>\n\n\n\n<p>Dans ses \u0153uvres, Lulu marie habilement bois, c\u00e9ramique et peinture, donnant naissance \u00e0 des cr\u00e9ations \u00e0 la fois rustiques et raffin\u00e9es qui incarnent l&#8217;esprit du littoral m\u00e9diterran\u00e9en. Qu&#8217;il s&#8217;agisse de tableaux, de sculptures ou d&#8217;objets d\u00e9coratifs, chaque pi\u00e8ce invite \u00e0 un voyage dans le sud de la France.<\/p>\n\n\n\n<p>Au-del\u00e0 de ses techniques traditionnelles, Lulu Marlo s\u2019inspire aussi de l&#8217;art japonais du kintsugi, r\u00e9parant avec d\u00e9licatesse les objets bris\u00e9s et c\u00e9l\u00e9brant leurs imperfections. Cette pratique refl\u00e8te sa philosophie artistique : trouver la beaut\u00e9 dans l&#8217;imparfait et donner une seconde vie aux choses abandonn\u00e9es.<\/p>\n\n\n\n<p>Chaque cr\u00e9ation raconte une histoire, celle d&#8217;une artiste passionn\u00e9e par son terroir cherchant \u00e0 partager sa vision personnelle et po\u00e9tique du monde qui l&#8217;inspire.<\/p>\n\n\n\n<div class=\"wp-block-group has-global-padding is-content-justification-left is-layout-constrained wp-container-core-group-is-layout-9fe8ed88 wp-block-group-is-layout-constrained\"><\/div>\n<\/div>\n<\/div>\n\n\n\n<div class=\"wp-block-column is-vertically-aligned-center is-layout-flow wp-block-column-is-layout-flow\" style=\"flex-basis:50%\">\n<figure class=\"wp-block-image size-large is-style-rounded is-style-rounded--1\"><img fetchpriority=\"high\" decoding=\"async\" width=\"790\" height=\"1024\" src=\"http:\/\/www.lulumarlo.com\/wp-content\/uploads\/2024\/08\/IMG_1818_2-790x1024.png\" alt=\"\" class=\"wp-image-559\" style=\"aspect-ratio:3\/4;object-fit:cover\" srcset=\"https:\/\/www.lulumarlo.com\/wp-content\/uploads\/2024\/08\/IMG_1818_2-790x1024.png 790w, https:\/\/www.lulumarlo.com\/wp-content\/uploads\/2024\/08\/IMG_1818_2-232x300.png 232w, https:\/\/www.lulumarlo.com\/wp-content\/uploads\/2024\/08\/IMG_1818_2-768x995.png 768w, https:\/\/www.lulumarlo.com\/wp-content\/uploads\/2024\/08\/IMG_1818_2-1186x1536.png 1186w, https:\/\/www.lulumarlo.com\/wp-content\/uploads\/2024\/08\/IMG_1818_2-300x389.png 300w, https:\/\/www.lulumarlo.com\/wp-content\/uploads\/2024\/08\/IMG_1818_2-600x777.png 600w, https:\/\/www.lulumarlo.com\/wp-content\/uploads\/2024\/08\/IMG_1818_2.png 1320w\" sizes=\"(max-width: 790px) 100vw, 790px\" \/><\/figure>\n<\/div>\n<\/div>\n<\/div>\n\n\n\n<div class=\"wp-block-group alignfull has-accent-5-background-color has-background has-global-padding is-layout-constrained wp-container-core-group-is-layout-d89aad35 wp-block-group-is-layout-constrained\" style=\"margin-top:0;margin-bottom:0;padding-top:var(--wp--preset--spacing--50);padding-right:var(--wp--preset--spacing--50);padding-bottom:var(--wp--preset--spacing--50);padding-left:var(--wp--preset--spacing--50)\">\n<div class=\"wp-block-columns alignwide is-layout-flex wp-container-core-columns-is-layout-1da03c2a wp-block-columns-is-layout-flex\">\n<div class=\"wp-block-column is-vertically-aligned-center is-layout-flow wp-block-column-is-layout-flow\" style=\"flex-basis:60%\">\n<figure class=\"wp-block-image size-full is-style-rounded wp-duotone-unset-3 is-style-rounded--2\"><img decoding=\"async\" width=\"2560\" height=\"1336\" src=\"http:\/\/www.lulumarlo.com\/wp-content\/uploads\/2024\/07\/20240304142502_IMG_21304-scaled.jpg\" alt=\"\" class=\"wp-image-437\" style=\"aspect-ratio:4\/3;object-fit:cover\" srcset=\"https:\/\/www.lulumarlo.com\/wp-content\/uploads\/2024\/07\/20240304142502_IMG_21304-scaled.jpg 2560w, https:\/\/www.lulumarlo.com\/wp-content\/uploads\/2024\/07\/20240304142502_IMG_21304-300x157.jpg 300w, https:\/\/www.lulumarlo.com\/wp-content\/uploads\/2024\/07\/20240304142502_IMG_21304-1024x535.jpg 1024w, https:\/\/www.lulumarlo.com\/wp-content\/uploads\/2024\/07\/20240304142502_IMG_21304-768x401.jpg 768w, https:\/\/www.lulumarlo.com\/wp-content\/uploads\/2024\/07\/20240304142502_IMG_21304-1536x802.jpg 1536w, https:\/\/www.lulumarlo.com\/wp-content\/uploads\/2024\/07\/20240304142502_IMG_21304-2048x1069.jpg 2048w, https:\/\/www.lulumarlo.com\/wp-content\/uploads\/2024\/07\/20240304142502_IMG_21304-600x313.jpg 600w\" sizes=\"(max-width: 2560px) 100vw, 2560px\" \/><\/figure>\n<\/div>\n\n\n\n<div class=\"wp-block-column is-layout-flow wp-block-column-is-layout-flow\" style=\"flex-basis:40%\">\n<h2 class=\"wp-block-heading\">Un atelier dans le village des sables<\/h2>\n\n\n\n<p>L&#8217;atelier LuLu MarLo se trouve au coeur du Villages des sables de Torreilles. <\/p>\n<\/div>\n<\/div>\n<\/div>\n\n\n\n<p><\/p>\n","protected":false},"excerpt":{"rendered":"<p>LuLu MarLo Lulu Marlo, artiste polyvalente originaire de Provence, a ancr\u00e9 son atelier dans le pittoresque Village des Sables de Torreilles, dans les Pyr\u00e9n\u00e9es-Orientales. Puisant son inspiration dans la beaut\u00e9 naturelle de la c\u00f4te m\u00e9diterran\u00e9enne, elle y insuffle sa propre fantaisie pour cr\u00e9er un univers unique. Dans ses \u0153uvres, Lulu marie habilement bois, c\u00e9ramique et [&hellip;]<\/p>\n","protected":false},"author":1,"featured_media":0,"parent":0,"menu_order":0,"comment_status":"closed","ping_status":"closed","template":"","meta":{"footnotes":""},"class_list":["post-396","page","type-page","status-publish","hentry"],"_links":{"self":[{"href":"https:\/\/www.lulumarlo.com\/index.php\/wp-json\/wp\/v2\/pages\/396","targetHints":{"allow":["GET"]}}],"collection":[{"href":"https:\/\/www.lulumarlo.com\/index.php\/wp-json\/wp\/v2\/pages"}],"about":[{"href":"https:\/\/www.lulumarlo.com\/index.php\/wp-json\/wp\/v2\/types\/page"}],"author":[{"embeddable":true,"href":"https:\/\/www.lulumarlo.com\/index.php\/wp-json\/wp\/v2\/users\/1"}],"replies":[{"embeddable":true,"href":"https:\/\/www.lulumarlo.com\/index.php\/wp-json\/wp\/v2\/comments?post=396"}],"version-history":[{"count":6,"href":"https:\/\/www.lulumarlo.com\/index.php\/wp-json\/wp\/v2\/pages\/396\/revisions"}],"predecessor-version":[{"id":747,"href":"https:\/\/www.lulumarlo.com\/index.php\/wp-json\/wp\/v2\/pages\/396\/revisions\/747"}],"wp:attachment":[{"href":"https:\/\/www.lulumarlo.com\/index.php\/wp-json\/wp\/v2\/media?parent=396"}],"curies":[{"name":"wp","href":"https:\/\/api.w.org\/{rel}","templated":true}]}}